{"id":5925,"date":"2024-09-09T16:58:16","date_gmt":"2024-09-09T20:58:16","guid":{"rendered":"https:\/\/atelierprostho.com\/occlusal-plate\/"},"modified":"2025-09-30T18:48:17","modified_gmt":"2025-09-30T22:48:17","slug":"occlusal-splint","status":"publish","type":"page","link":"https:\/\/atelierprostho.com\/en\/occlusal-splint\/","title":{"rendered":"Occlusal splint"},"content":{"rendered":"\t\t<div data-elementor-type=\"wp-page\" data-elementor-id=\"5925\" class=\"elementor elementor-5925 elementor-4710\" data-elementor-post-type=\"page\">\n\t\t\t\t<div class=\"elementor-element elementor-element-ab447d0 e-con-full e-flex e-con e-parent\" data-id=\"ab447d0\" data-element_type=\"container\" data-e-type=\"container\" data-settings=\"{&quot;background_background&quot;:&quot;classic&quot;}\">\n\t\t<div class=\"elementor-element elementor-element-2fcc31e e-con-full e-flex e-con e-child\" data-id=\"2fcc31e\" data-element_type=\"container\" data-e-type=\"container\">\n\t\t<div class=\"elementor-element elementor-element-6bcfc1d e-con-full e-flex e-con e-child\" data-id=\"6bcfc1d\" data-element_type=\"container\" data-e-type=\"container\">\n\t\t\t\t<div class=\"elementor-element elementor-element-c2c05d0 animated-slow elementor-invisible elementor-widget elementor-widget-heading\" data-id=\"c2c05d0\" data-element_type=\"widget\" data-e-type=\"widget\" data-settings=\"{&quot;_animation&quot;:&quot;fadeInUp&quot;,&quot;_animation_mobile&quot;:&quot;fadeInDown&quot;,&quot;_animation_mobile_extra&quot;:&quot;fadeInDown&quot;}\" data-widget_type=\"heading.default\">\n\t\t\t\t<div class=\"elementor-widget-container\">\n\t\t\t\t\t<h1 class=\"elementor-heading-title elementor-size-default\">Occlusal splint<\/h1>\t\t\t\t<\/div>\n\t\t\t\t<\/div>\n\t\t\t\t<\/div>\n\t\t\t\t<\/div>\n\t\t\t\t<\/div>\n\t\t<div class=\"elementor-element elementor-element-a4e64c3 e-con-full e-flex e-con e-parent\" data-id=\"a4e64c3\" data-element_type=\"container\" data-e-type=\"container\" id=\"couronneavecracine\">\n\t\t<div class=\"elementor-element elementor-element-a5ce7ad e-con-full e-flex e-con e-child\" data-id=\"a5ce7ad\" data-element_type=\"container\" data-e-type=\"container\">\n\t\t<div class=\"elementor-element elementor-element-1dff47d e-con-full animated-slow e-flex elementor-invisible e-con e-child\" data-id=\"1dff47d\" data-element_type=\"container\" data-e-type=\"container\" data-settings=\"{&quot;background_background&quot;:&quot;classic&quot;,&quot;animation&quot;:&quot;fadeIn&quot;}\">\n\t\t\t\t<div class=\"elementor-element elementor-element-273e050 elementor-mobile-align-left elementor-widget elementor-widget-button\" data-id=\"273e050\" data-element_type=\"widget\" data-e-type=\"widget\" data-widget_type=\"button.default\">\n\t\t\t\t<div class=\"elementor-widget-container\">\n\t\t\t\t\t\t\t\t\t<div class=\"elementor-button-wrapper\">\n\t\t\t\t\t<a class=\"elementor-button elementor-button-link elementor-size-sm\" href=\"https:\/\/atelierprostho.com\/en\/treatments\/#thetreatments\">\n\t\t\t\t\t\t<span class=\"elementor-button-content-wrapper\">\n\t\t\t\t\t\t<span class=\"elementor-button-icon\">\n\t\t\t\t<svg aria-hidden=\"true\" class=\"e-font-icon-svg e-fas-arrow-left\" viewBox=\"0 0 448 512\" xmlns=\"http:\/\/www.w3.org\/2000\/svg\"><path d=\"M257.5 445.1l-22.2 22.2c-9.4 9.4-24.6 9.4-33.9 0L7 273c-9.4-9.4-9.4-24.6 0-33.9L201.4 44.7c9.4-9.4 24.6-9.4 33.9 0l22.2 22.2c9.5 9.5 9.3 25-.4 34.3L136.6 216H424c13.3 0 24 10.7 24 24v32c0 13.3-10.7 24-24 24H136.6l120.5 114.8c9.8 9.3 10 24.8.4 34.3z\"><\/path><\/svg>\t\t\t<\/span>\n\t\t\t\t\t\t\t\t\t<span class=\"elementor-button-text\">Return to treatment page<\/span>\n\t\t\t\t\t<\/span>\n\t\t\t\t\t<\/a>\n\t\t\t\t<\/div>\n\t\t\t\t\t\t\t\t<\/div>\n\t\t\t\t<\/div>\n\t\t\t\t<div class=\"elementor-element elementor-element-1b53244 elementor-widget elementor-widget-text-editor\" data-id=\"1b53244\" data-element_type=\"widget\" data-e-type=\"widget\" data-widget_type=\"text-editor.default\">\n\t\t\t\t<div class=\"elementor-widget-container\">\n\t\t\t\t\t\t\t\t\tThe use of an occlusal plate is recommended for patients suffering from bruxism or tooth clenching. This is a transparent plastic tray that fits over the upper or lower teeth. The tray absorbs the forces involved, reducing the risk of tooth fracture, premature wear of tooth structure or damage to restorations.  \t\t\t\t\t\t\t\t<\/div>\n\t\t\t\t<\/div>\n\t\t\t\t<div class=\"elementor-element elementor-element-bb59bf8 elementor-align-left elementor-widget elementor-widget-global elementor-global-1019 elementor-widget-button\" data-id=\"bb59bf8\" data-element_type=\"widget\" data-e-type=\"widget\" data-widget_type=\"button.default\">\n\t\t\t\t<div class=\"elementor-widget-container\">\n\t\t\t\t\t\t\t\t\t<div class=\"elementor-button-wrapper\">\n\t\t\t\t\t<a class=\"elementor-button elementor-button-link elementor-size-sm\" href=\"#results\">\n\t\t\t\t\t\t<span class=\"elementor-button-content-wrapper\">\n\t\t\t\t\t\t<span class=\"elementor-button-icon\">\n\t\t\t\t<svg aria-hidden=\"true\" class=\"e-font-icon-svg e-fas-camera\" viewBox=\"0 0 512 512\" xmlns=\"http:\/\/www.w3.org\/2000\/svg\"><path d=\"M512 144v288c0 26.5-21.5 48-48 48H48c-26.5 0-48-21.5-48-48V144c0-26.5 21.5-48 48-48h88l12.3-32.9c7-18.7 24.9-31.1 44.9-31.1h125.5c20 0 37.9 12.4 44.9 31.1L376 96h88c26.5 0 48 21.5 48 48zM376 288c0-66.2-53.8-120-120-120s-120 53.8-120 120 53.8 120 120 120 120-53.8 120-120zm-32 0c0 48.5-39.5 88-88 88s-88-39.5-88-88 39.5-88 88-88 88 39.5 88 88z\"><\/path><\/svg>\t\t\t<\/span>\n\t\t\t\t\t\t\t\t\t<span class=\"elementor-button-text\">see the results<\/span>\n\t\t\t\t\t<\/span>\n\t\t\t\t\t<\/a>\n\t\t\t\t<\/div>\n\t\t\t\t\t\t\t\t<\/div>\n\t\t\t\t<\/div>\n\t\t\t\t<\/div>\n\t\t<div class=\"elementor-element elementor-element-7003d5b e-con-full e-flex e-con e-child\" data-id=\"7003d5b\" data-element_type=\"container\" data-e-type=\"container\" data-settings=\"{&quot;background_background&quot;:&quot;classic&quot;}\">\n\t\t<div class=\"elementor-element elementor-element-f0efdf5 e-con-full e-flex e-con e-child\" data-id=\"f0efdf5\" data-element_type=\"container\" data-e-type=\"container\" data-settings=\"{&quot;background_background&quot;:&quot;classic&quot;}\">\n\t\t\t\t<div class=\"elementor-element elementor-element-35f9e81 elementor-widget elementor-widget-image\" data-id=\"35f9e81\" data-element_type=\"widget\" data-e-type=\"widget\" data-widget_type=\"image.default\">\n\t\t\t\t<div class=\"elementor-widget-container\">\n\t\t\t\t\t\t\t\t\t\t\t\t\t\t\t<img fetchpriority=\"high\" decoding=\"async\" width=\"800\" height=\"534\" src=\"https:\/\/atelierprostho.com\/wp-content\/uploads\/2024\/07\/T10_Plaque_occlusale_extra_C-1024x683.jpg\" class=\"attachment-large size-large wp-image-3904\" alt=\"Plaque occlusale transparente pos\u00e9e sur un mod\u00e8le dentaire imprim\u00e9 en 3D\" srcset=\"https:\/\/atelierprostho.com\/wp-content\/uploads\/2024\/07\/T10_Plaque_occlusale_extra_C-1024x683.jpg 1024w, https:\/\/atelierprostho.com\/wp-content\/uploads\/2024\/07\/T10_Plaque_occlusale_extra_C-300x200.jpg 300w, https:\/\/atelierprostho.com\/wp-content\/uploads\/2024\/07\/T10_Plaque_occlusale_extra_C-768x512.jpg 768w, https:\/\/atelierprostho.com\/wp-content\/uploads\/2024\/07\/T10_Plaque_occlusale_extra_C-1536x1024.jpg 1536w, https:\/\/atelierprostho.com\/wp-content\/uploads\/2024\/07\/T10_Plaque_occlusale_extra_C-2048x1366.jpg 2048w\" sizes=\"(max-width: 800px) 100vw, 800px\" \/>\t\t\t\t\t\t\t\t\t\t\t\t\t\t\t<\/div>\n\t\t\t\t<\/div>\n\t\t\t\t<\/div>\n\t\t<div class=\"elementor-element elementor-element-2bd9646 e-con-full e-flex e-con e-child\" data-id=\"2bd9646\" data-element_type=\"container\" data-e-type=\"container\">\n\t\t\t\t<div class=\"elementor-element elementor-element-2be5075 elementor-widget elementor-widget-image\" data-id=\"2be5075\" data-element_type=\"widget\" data-e-type=\"widget\" data-widget_type=\"image.default\">\n\t\t\t\t<div class=\"elementor-widget-container\">\n\t\t\t\t\t\t\t\t\t\t\t\t\t\t\t<img decoding=\"async\" width=\"800\" height=\"534\" src=\"https:\/\/atelierprostho.com\/wp-content\/uploads\/2024\/07\/T10_Plaque_occlusale_extra_B-1024x683.jpg\" class=\"attachment-large size-large wp-image-3902\" alt=\"Plaque occlusale transparente moul\u00e9e pour les dents du bas\" srcset=\"https:\/\/atelierprostho.com\/wp-content\/uploads\/2024\/07\/T10_Plaque_occlusale_extra_B-1024x683.jpg 1024w, https:\/\/atelierprostho.com\/wp-content\/uploads\/2024\/07\/T10_Plaque_occlusale_extra_B-300x200.jpg 300w, https:\/\/atelierprostho.com\/wp-content\/uploads\/2024\/07\/T10_Plaque_occlusale_extra_B-768x512.jpg 768w, https:\/\/atelierprostho.com\/wp-content\/uploads\/2024\/07\/T10_Plaque_occlusale_extra_B-1536x1024.jpg 1536w, https:\/\/atelierprostho.com\/wp-content\/uploads\/2024\/07\/T10_Plaque_occlusale_extra_B-2048x1366.jpg 2048w\" sizes=\"(max-width: 800px) 100vw, 800px\" \/>\t\t\t\t\t\t\t\t\t\t\t\t\t\t\t<\/div>\n\t\t\t\t<\/div>\n\t\t\t\t<\/div>\n\t\t\t\t<\/div>\n\t\t\t\t<\/div>\n\t\t\t\t<\/div>\n\t\t<div class=\"elementor-element elementor-element-02aba8c e-con-full e-flex e-con e-parent\" data-id=\"02aba8c\" data-element_type=\"container\" data-e-type=\"container\" id=\"results\" data-settings=\"{&quot;background_background&quot;:&quot;classic&quot;}\">\n\t\t\t\t<div class=\"elementor-element elementor-element-ec08f7b animated-slow elementor-invisible elementor-widget elementor-widget-heading\" data-id=\"ec08f7b\" data-element_type=\"widget\" data-e-type=\"widget\" data-settings=\"{&quot;_animation&quot;:&quot;fadeInDown&quot;}\" data-widget_type=\"heading.default\">\n\t\t\t\t<div class=\"elementor-widget-container\">\n\t\t\t\t\t<h2 class=\"elementor-heading-title elementor-size-default\">Witness the transformation<\/h2>\t\t\t\t<\/div>\n\t\t\t\t<\/div>\n\t\t\t\t<\/div>\n\t\t<div class=\"elementor-element elementor-element-6b6aa93 e-con-full e-flex e-con e-parent\" data-id=\"6b6aa93\" data-element_type=\"container\" data-e-type=\"container\" data-settings=\"{&quot;background_background&quot;:&quot;classic&quot;}\">\n\t\t<div class=\"elementor-element elementor-element-bc5bf60 e-con-full animated-slow elementor-hidden-mobile e-flex elementor-invisible e-con e-child\" data-id=\"bc5bf60\" data-element_type=\"container\" data-e-type=\"container\" data-settings=\"{&quot;animation&quot;:&quot;fadeIn&quot;,&quot;animation_mobile&quot;:&quot;none&quot;,&quot;background_background&quot;:&quot;classic&quot;,&quot;animation_delay&quot;:1500}\">\n\t\t\t\t<\/div>\n\t\t<div class=\"elementor-element elementor-element-764337b e-con-full animated-slow elementor-hidden-mobile e-flex elementor-invisible e-con e-child\" data-id=\"764337b\" data-element_type=\"container\" data-e-type=\"container\" data-settings=\"{&quot;animation&quot;:&quot;fadeIn&quot;,&quot;animation_mobile&quot;:&quot;none&quot;,&quot;background_background&quot;:&quot;classic&quot;,&quot;animation_delay&quot;:500}\">\n\t\t\t\t<\/div>\n\t\t<div class=\"elementor-element elementor-element-e362326 e-con-full e-flex elementor-invisible e-con e-child\" data-id=\"e362326\" data-element_type=\"container\" data-e-type=\"container\" data-settings=\"{&quot;animation&quot;:&quot;fadeIn&quot;,&quot;animation_mobile&quot;:&quot;none&quot;,&quot;background_background&quot;:&quot;classic&quot;}\">\n\t\t<div class=\"elementor-element elementor-element-743e6e7 e-con-full e-flex e-con e-child\" data-id=\"743e6e7\" data-element_type=\"container\" data-e-type=\"container\">\n\t\t\t\t<div class=\"elementor-element elementor-element-fed7434 elementor-widget elementor-widget-heading\" data-id=\"fed7434\" data-element_type=\"widget\" data-e-type=\"widget\" data-settings=\"{&quot;_animation_mobile&quot;:&quot;fadeInDown&quot;}\" data-widget_type=\"heading.default\">\n\t\t\t\t<div class=\"elementor-widget-container\">\n\t\t\t\t\t<h2 class=\"elementor-heading-title elementor-size-default\">Case No. 1<\/h2>\t\t\t\t<\/div>\n\t\t\t\t<\/div>\n\t\t\t\t<div class=\"elementor-element elementor-element-67e4873 elementor-hidden-widescreen elementor-hidden-desktop elementor-hidden-laptop elementor-hidden-tablet_extra elementor-hidden-tablet elementor-hidden-mobile_extra elementor-widget-divider--view-line elementor-widget elementor-widget-divider\" data-id=\"67e4873\" data-element_type=\"widget\" data-e-type=\"widget\" data-widget_type=\"divider.default\">\n\t\t\t\t<div class=\"elementor-widget-container\">\n\t\t\t\t\t\t\t<div class=\"elementor-divider\">\n\t\t\t<span class=\"elementor-divider-separator\">\n\t\t\t\t\t\t<\/span>\n\t\t<\/div>\n\t\t\t\t\t\t<\/div>\n\t\t\t\t<\/div>\n\t\t\t\t<\/div>\n\t\t<div class=\"elementor-element elementor-element-fc4a9de e-con-full e-flex e-con e-child\" data-id=\"fc4a9de\" data-element_type=\"container\" data-e-type=\"container\">\n\t\t\t\t<div class=\"elementor-element elementor-element-8f0610b elementor-widget__width-initial elementor-widget elementor-widget-heading\" data-id=\"8f0610b\" data-element_type=\"widget\" data-e-type=\"widget\" data-settings=\"{&quot;_animation_mobile&quot;:&quot;fadeInUp&quot;}\" data-widget_type=\"heading.default\">\n\t\t\t\t<div class=\"elementor-widget-container\">\n\t\t\t\t\t<h2 class=\"elementor-heading-title elementor-size-default\">Occlusal splint<\/h2>\t\t\t\t<\/div>\n\t\t\t\t<\/div>\n\t\t\t\t<\/div>\n\t\t\t\t<\/div>\n\t\t\t\t<\/div>\n\t\t<div class=\"elementor-element elementor-element-b9a6d98 e-con-full e-flex e-con e-parent\" data-id=\"b9a6d98\" data-element_type=\"container\" data-e-type=\"container\">\n\t\t<div class=\"elementor-element elementor-element-1fe58c8 e-con-full e-flex e-con e-child\" data-id=\"1fe58c8\" data-element_type=\"container\" data-e-type=\"container\" data-settings=\"{&quot;background_background&quot;:&quot;classic&quot;}\">\n\t\t<div class=\"elementor-element elementor-element-08e4915 e-con-full e-flex e-con e-child\" data-id=\"08e4915\" data-element_type=\"container\" data-e-type=\"container\">\n\t\t\t\t<div class=\"elementor-element elementor-element-9833851 elementor-widget elementor-widget-image\" data-id=\"9833851\" data-element_type=\"widget\" data-e-type=\"widget\" data-widget_type=\"image.default\">\n\t\t\t\t<div class=\"elementor-widget-container\">\n\t\t\t\t\t\t\t\t\t\t\t\t\t\t\t<img decoding=\"async\" width=\"800\" height=\"533\" src=\"https:\/\/atelierprostho.com\/wp-content\/uploads\/2024\/07\/T10_Plaque_occlusale_A-1-1024x682.jpg\" class=\"attachment-large size-large wp-image-4292\" alt=\"Plaque occlusale transparente port\u00e9e sur les dents sup\u00e9rieures\" srcset=\"https:\/\/atelierprostho.com\/wp-content\/uploads\/2024\/07\/T10_Plaque_occlusale_A-1-1024x682.jpg 1024w, https:\/\/atelierprostho.com\/wp-content\/uploads\/2024\/07\/T10_Plaque_occlusale_A-1-300x200.jpg 300w, https:\/\/atelierprostho.com\/wp-content\/uploads\/2024\/07\/T10_Plaque_occlusale_A-1-768x512.jpg 768w, https:\/\/atelierprostho.com\/wp-content\/uploads\/2024\/07\/T10_Plaque_occlusale_A-1-1536x1024.jpg 1536w, https:\/\/atelierprostho.com\/wp-content\/uploads\/2024\/07\/T10_Plaque_occlusale_A-1.jpg 2000w\" sizes=\"(max-width: 800px) 100vw, 800px\" \/>\t\t\t\t\t\t\t\t\t\t\t\t\t\t\t<\/div>\n\t\t\t\t<\/div>\n\t\t\t\t<\/div>\n\t\t<div class=\"elementor-element elementor-element-f812d2d e-con-full e-flex e-con e-child\" data-id=\"f812d2d\" data-element_type=\"container\" data-e-type=\"container\">\n\t\t\t\t<div class=\"elementor-element elementor-element-62e7ed2 elementor-widget elementor-widget-image\" data-id=\"62e7ed2\" data-element_type=\"widget\" data-e-type=\"widget\" data-widget_type=\"image.default\">\n\t\t\t\t<div class=\"elementor-widget-container\">\n\t\t\t\t\t\t\t\t\t\t\t\t\t\t\t<img loading=\"lazy\" decoding=\"async\" width=\"800\" height=\"533\" src=\"https:\/\/atelierprostho.com\/wp-content\/uploads\/2024\/07\/T10_Plaque_occlusale_B-1-1024x682.jpg\" class=\"attachment-large size-large wp-image-4294\" alt=\"Vue lat\u00e9rale d\u2019une plaque occlusale en bouche\" srcset=\"https:\/\/atelierprostho.com\/wp-content\/uploads\/2024\/07\/T10_Plaque_occlusale_B-1-1024x682.jpg 1024w, https:\/\/atelierprostho.com\/wp-content\/uploads\/2024\/07\/T10_Plaque_occlusale_B-1-300x200.jpg 300w, https:\/\/atelierprostho.com\/wp-content\/uploads\/2024\/07\/T10_Plaque_occlusale_B-1-768x512.jpg 768w, https:\/\/atelierprostho.com\/wp-content\/uploads\/2024\/07\/T10_Plaque_occlusale_B-1-1536x1024.jpg 1536w, https:\/\/atelierprostho.com\/wp-content\/uploads\/2024\/07\/T10_Plaque_occlusale_B-1.jpg 2000w\" sizes=\"(max-width: 800px) 100vw, 800px\" \/>\t\t\t\t\t\t\t\t\t\t\t\t\t\t\t<\/div>\n\t\t\t\t<\/div>\n\t\t\t\t<\/div>\n\t\t<div class=\"elementor-element elementor-element-650d87f e-con-full e-flex e-con e-child\" data-id=\"650d87f\" data-element_type=\"container\" data-e-type=\"container\">\n\t\t\t\t<div class=\"elementor-element elementor-element-c8f7bee elementor-widget elementor-widget-image\" data-id=\"c8f7bee\" data-element_type=\"widget\" data-e-type=\"widget\" data-widget_type=\"image.default\">\n\t\t\t\t<div class=\"elementor-widget-container\">\n\t\t\t\t\t\t\t\t\t\t\t\t\t\t\t<img loading=\"lazy\" decoding=\"async\" width=\"800\" height=\"533\" src=\"https:\/\/atelierprostho.com\/wp-content\/uploads\/2024\/07\/T10_Plaque_occlusale_C-1-1024x682.jpg\" class=\"attachment-large size-large wp-image-4296\" alt=\"Plaque occlusale positionn\u00e9e sur les dents sup\u00e9rieures\" srcset=\"https:\/\/atelierprostho.com\/wp-content\/uploads\/2024\/07\/T10_Plaque_occlusale_C-1-1024x682.jpg 1024w, https:\/\/atelierprostho.com\/wp-content\/uploads\/2024\/07\/T10_Plaque_occlusale_C-1-300x200.jpg 300w, https:\/\/atelierprostho.com\/wp-content\/uploads\/2024\/07\/T10_Plaque_occlusale_C-1-768x512.jpg 768w, https:\/\/atelierprostho.com\/wp-content\/uploads\/2024\/07\/T10_Plaque_occlusale_C-1-1536x1024.jpg 1536w, https:\/\/atelierprostho.com\/wp-content\/uploads\/2024\/07\/T10_Plaque_occlusale_C-1.jpg 2000w\" sizes=\"(max-width: 800px) 100vw, 800px\" \/>\t\t\t\t\t\t\t\t\t\t\t\t\t\t\t<\/div>\n\t\t\t\t<\/div>\n\t\t\t\t<\/div>\n\t\t\t\t<\/div>\n\t\t\t\t<\/div>\n\t\t<div class=\"elementor-element elementor-element-72e9aa5 e-con-full e-flex e-con e-parent\" data-id=\"72e9aa5\" data-element_type=\"container\" data-e-type=\"container\">\n\t\t\t\t<div class=\"elementor-element elementor-element-2a8818e elementor-button-info elementor-align-right elementor-fixed elementor-widget elementor-widget-global elementor-global-3705 elementor-widget-button\" data-id=\"2a8818e\" data-element_type=\"widget\" data-e-type=\"widget\" data-settings=\"{&quot;_position&quot;:&quot;fixed&quot;,&quot;motion_fx_motion_fx_scrolling&quot;:&quot;yes&quot;,&quot;motion_fx_opacity_effect&quot;:&quot;yes&quot;,&quot;motion_fx_opacity_direction&quot;:&quot;out-in&quot;,&quot;motion_fx_opacity_level&quot;:{&quot;unit&quot;:&quot;px&quot;,&quot;size&quot;:10,&quot;sizes&quot;:[]},&quot;motion_fx_opacity_range&quot;:{&quot;unit&quot;:&quot;%&quot;,&quot;size&quot;:&quot;&quot;,&quot;sizes&quot;:{&quot;start&quot;:20,&quot;end&quot;:80}},&quot;motion_fx_devices&quot;:[&quot;widescreen&quot;,&quot;desktop&quot;,&quot;laptop&quot;,&quot;tablet_extra&quot;,&quot;tablet&quot;,&quot;mobile_extra&quot;,&quot;mobile&quot;]}\" data-widget_type=\"button.default\">\n\t\t\t\t<div class=\"elementor-widget-container\">\n\t\t\t\t\t\t\t\t\t<div class=\"elementor-button-wrapper\">\n\t\t\t\t\t<a class=\"elementor-button elementor-button-link elementor-size-sm elementor-animation-bob\" href=\"#top\">\n\t\t\t\t\t\t<span class=\"elementor-button-content-wrapper\">\n\t\t\t\t\t\t<span class=\"elementor-button-icon\">\n\t\t\t\t<svg aria-hidden=\"true\" class=\"e-font-icon-svg e-fas-arrow-up\" viewBox=\"0 0 448 512\" xmlns=\"http:\/\/www.w3.org\/2000\/svg\"><path d=\"M34.9 289.5l-22.2-22.2c-9.4-9.4-9.4-24.6 0-33.9L207 39c9.4-9.4 24.6-9.4 33.9 0l194.3 194.3c9.4 9.4 9.4 24.6 0 33.9L413 289.4c-9.5 9.5-25 9.3-34.3-.4L264 168.6V456c0 13.3-10.7 24-24 24h-32c-13.3 0-24-10.7-24-24V168.6L69.2 289.1c-9.3 9.8-24.8 10-34.3.4z\"><\/path><\/svg>\t\t\t<\/span>\n\t\t\t\t\t\t\t\t<\/span>\n\t\t\t\t\t<\/a>\n\t\t\t\t<\/div>\n\t\t\t\t\t\t\t\t<\/div>\n\t\t\t\t<\/div>\n\t\t\t\t<\/div>\n\t\t\t\t<\/div>\n\t\t","protected":false},"excerpt":{"rendered":"<p>The use of an occlusal plate is recommended for patients suffering from bruxism or tooth clenching. This is a transparent plastic tray that fits over the upper or lower teeth. The tray absorbs the forces involved, reducing the risk of tooth fracture, premature wear of tooth structure or damage to restorations.  <\/p>\n","protected":false},"author":1,"featured_media":3904,"parent":0,"menu_order":0,"comment_status":"closed","ping_status":"closed","template":"","meta":{"footnotes":""},"class_list":["post-5925","page","type-page","status-publish","has-post-thumbnail","hentry"],"_links":{"self":[{"href":"https:\/\/atelierprostho.com\/en\/wp-json\/wp\/v2\/pages\/5925","targetHints":{"allow":["GET"]}}],"collection":[{"href":"https:\/\/atelierprostho.com\/en\/wp-json\/wp\/v2\/pages"}],"about":[{"href":"https:\/\/atelierprostho.com\/en\/wp-json\/wp\/v2\/types\/page"}],"author":[{"embeddable":true,"href":"https:\/\/atelierprostho.com\/en\/wp-json\/wp\/v2\/users\/1"}],"replies":[{"embeddable":true,"href":"https:\/\/atelierprostho.com\/en\/wp-json\/wp\/v2\/comments?post=5925"}],"version-history":[{"count":4,"href":"https:\/\/atelierprostho.com\/en\/wp-json\/wp\/v2\/pages\/5925\/revisions"}],"predecessor-version":[{"id":7328,"href":"https:\/\/atelierprostho.com\/en\/wp-json\/wp\/v2\/pages\/5925\/revisions\/7328"}],"wp:featuredmedia":[{"embeddable":true,"href":"https:\/\/atelierprostho.com\/en\/wp-json\/wp\/v2\/media\/3904"}],"wp:attachment":[{"href":"https:\/\/atelierprostho.com\/en\/wp-json\/wp\/v2\/media?parent=5925"}],"curies":[{"name":"wp","href":"https:\/\/api.w.org\/{rel}","templated":true}]}}