{"id":5912,"date":"2024-10-31T17:15:39","date_gmt":"2024-10-31T21:15:39","guid":{"rendered":"https:\/\/atelierprostho.com\/muco-supported-complete-prosthesis-denture\/"},"modified":"2025-09-30T18:37:49","modified_gmt":"2025-09-30T22:37:49","slug":"muco-supported-complete-prosthesis-denture","status":"publish","type":"page","link":"https:\/\/atelierprostho.com\/en\/muco-supported-complete-prosthesis-denture\/","title":{"rendered":"Muco-supported complete prosthesis (denture)"},"content":{"rendered":"\t\t<div data-elementor-type=\"wp-page\" data-elementor-id=\"5912\" class=\"elementor elementor-5912 elementor-4607\" data-elementor-post-type=\"page\">\n\t\t\t\t<div class=\"elementor-element elementor-element-ab447d0 e-con-full e-flex e-con e-parent\" data-id=\"ab447d0\" data-element_type=\"container\" data-e-type=\"container\" data-settings=\"{&quot;background_background&quot;:&quot;classic&quot;}\">\n\t\t<div class=\"elementor-element elementor-element-2fcc31e e-con-full e-flex e-con e-child\" data-id=\"2fcc31e\" data-element_type=\"container\" data-e-type=\"container\">\n\t\t<div class=\"elementor-element elementor-element-6bcfc1d e-con-full e-flex e-con e-child\" data-id=\"6bcfc1d\" data-element_type=\"container\" data-e-type=\"container\">\n\t\t\t\t<div class=\"elementor-element elementor-element-c2c05d0 animated-slow elementor-invisible elementor-widget elementor-widget-heading\" data-id=\"c2c05d0\" data-element_type=\"widget\" data-e-type=\"widget\" data-settings=\"{&quot;_animation&quot;:&quot;fadeInUp&quot;,&quot;_animation_mobile&quot;:&quot;fadeInDown&quot;,&quot;_animation_mobile_extra&quot;:&quot;fadeInDown&quot;}\" data-widget_type=\"heading.default\">\n\t\t\t\t<div class=\"elementor-widget-container\">\n\t\t\t\t\t<h1 class=\"elementor-heading-title elementor-size-default\">Muco-supported complete prosthesis<br>(denture)<\/h1>\t\t\t\t<\/div>\n\t\t\t\t<\/div>\n\t\t\t\t<\/div>\n\t\t\t\t<\/div>\n\t\t\t\t<\/div>\n\t\t<div class=\"elementor-element elementor-element-a4e64c3 e-con-full e-flex e-con e-parent\" data-id=\"a4e64c3\" data-element_type=\"container\" data-e-type=\"container\" id=\"couronneavecracine\">\n\t\t<div class=\"elementor-element elementor-element-a5ce7ad e-con-full e-flex e-con e-child\" data-id=\"a5ce7ad\" data-element_type=\"container\" data-e-type=\"container\">\n\t\t<div class=\"elementor-element elementor-element-1dff47d e-con-full animated-slow e-flex elementor-invisible e-con e-child\" data-id=\"1dff47d\" data-element_type=\"container\" data-e-type=\"container\" data-settings=\"{&quot;background_background&quot;:&quot;classic&quot;,&quot;animation&quot;:&quot;fadeIn&quot;}\">\n\t\t\t\t<div class=\"elementor-element elementor-element-0a5f1b9 elementor-mobile-align-left elementor-widget elementor-widget-button\" data-id=\"0a5f1b9\" data-element_type=\"widget\" data-e-type=\"widget\" data-widget_type=\"button.default\">\n\t\t\t\t<div class=\"elementor-widget-container\">\n\t\t\t\t\t\t\t\t\t<div class=\"elementor-button-wrapper\">\n\t\t\t\t\t<a class=\"elementor-button elementor-button-link elementor-size-sm\" href=\"https:\/\/atelierprostho.com\/en\/treatments\/#thetreatments\">\n\t\t\t\t\t\t<span class=\"elementor-button-content-wrapper\">\n\t\t\t\t\t\t<span class=\"elementor-button-icon\">\n\t\t\t\t<svg aria-hidden=\"true\" class=\"e-font-icon-svg e-fas-arrow-left\" viewBox=\"0 0 448 512\" xmlns=\"http:\/\/www.w3.org\/2000\/svg\"><path d=\"M257.5 445.1l-22.2 22.2c-9.4 9.4-24.6 9.4-33.9 0L7 273c-9.4-9.4-9.4-24.6 0-33.9L201.4 44.7c9.4-9.4 24.6-9.4 33.9 0l22.2 22.2c9.5 9.5 9.3 25-.4 34.3L136.6 216H424c13.3 0 24 10.7 24 24v32c0 13.3-10.7 24-24 24H136.6l120.5 114.8c9.8 9.3 10 24.8.4 34.3z\"><\/path><\/svg>\t\t\t<\/span>\n\t\t\t\t\t\t\t\t\t<span class=\"elementor-button-text\">Return to treatment page<\/span>\n\t\t\t\t\t<\/span>\n\t\t\t\t\t<\/a>\n\t\t\t\t<\/div>\n\t\t\t\t\t\t\t\t<\/div>\n\t\t\t\t<\/div>\n\t\t\t\t<div class=\"elementor-element elementor-element-1b53244 elementor-widget elementor-widget-text-editor\" data-id=\"1b53244\" data-element_type=\"widget\" data-e-type=\"widget\" data-widget_type=\"text-editor.default\">\n\t\t\t\t<div class=\"elementor-widget-container\">\n\t\t\t\t\t\t\t\t\tA complete dental prosthesis, commonly called a &#8220;denture&#8221;, is used to replace all the missing teeth in a dental arch. It covers and rests on the gum, thus ensuring stability and retention during the chewing action.  <br><br> It is recommended to remove the removable prosthesis every evening, brush it and disinfect it by soaking it in a suitable solution. This good habit helps reduce the risk of bacterial and fungal infections in the oral cavity. In addition, the gum will be healthier, firmer and more resistant to chewing pressure.   <br><br> Complete edentulism is officially recognized as a physical disability by the World Health Organization. Muco-supported complete dentures provide chewing function equivalent to approximately 20% of that of a complete natural dentition. The use of dental implants in completely edentulous individuals provides a marked improvement in chewing function, thereby enhancing overall health, confidence and self-esteem.  \t\t\t\t\t\t\t\t<\/div>\n\t\t\t\t<\/div>\n\t\t\t\t<div class=\"elementor-element elementor-element-bb59bf8 elementor-align-left elementor-widget elementor-widget-global elementor-global-1019 elementor-widget-button\" data-id=\"bb59bf8\" data-element_type=\"widget\" data-e-type=\"widget\" data-widget_type=\"button.default\">\n\t\t\t\t<div class=\"elementor-widget-container\">\n\t\t\t\t\t\t\t\t\t<div class=\"elementor-button-wrapper\">\n\t\t\t\t\t<a class=\"elementor-button elementor-button-link elementor-size-sm\" href=\"#results\">\n\t\t\t\t\t\t<span class=\"elementor-button-content-wrapper\">\n\t\t\t\t\t\t<span class=\"elementor-button-icon\">\n\t\t\t\t<svg aria-hidden=\"true\" class=\"e-font-icon-svg e-fas-camera\" viewBox=\"0 0 512 512\" xmlns=\"http:\/\/www.w3.org\/2000\/svg\"><path d=\"M512 144v288c0 26.5-21.5 48-48 48H48c-26.5 0-48-21.5-48-48V144c0-26.5 21.5-48 48-48h88l12.3-32.9c7-18.7 24.9-31.1 44.9-31.1h125.5c20 0 37.9 12.4 44.9 31.1L376 96h88c26.5 0 48 21.5 48 48zM376 288c0-66.2-53.8-120-120-120s-120 53.8-120 120 53.8 120 120 120 120-53.8 120-120zm-32 0c0 48.5-39.5 88-88 88s-88-39.5-88-88 39.5-88 88-88 88 39.5 88 88z\"><\/path><\/svg>\t\t\t<\/span>\n\t\t\t\t\t\t\t\t\t<span class=\"elementor-button-text\">see the results<\/span>\n\t\t\t\t\t<\/span>\n\t\t\t\t\t<\/a>\n\t\t\t\t<\/div>\n\t\t\t\t\t\t\t\t<\/div>\n\t\t\t\t<\/div>\n\t\t\t\t<\/div>\n\t\t<div class=\"elementor-element elementor-element-7003d5b e-con-full e-flex e-con e-child\" data-id=\"7003d5b\" data-element_type=\"container\" data-e-type=\"container\" data-settings=\"{&quot;background_background&quot;:&quot;classic&quot;}\">\n\t\t<div class=\"elementor-element elementor-element-f0efdf5 e-con-full e-flex e-con e-child\" data-id=\"f0efdf5\" data-element_type=\"container\" data-e-type=\"container\" data-settings=\"{&quot;background_background&quot;:&quot;classic&quot;}\">\n\t\t\t\t<div class=\"elementor-element elementor-element-35f9e81 elementor-widget elementor-widget-image\" data-id=\"35f9e81\" data-element_type=\"widget\" data-e-type=\"widget\" data-widget_type=\"image.default\">\n\t\t\t\t<div class=\"elementor-widget-container\">\n\t\t\t\t\t\t\t\t\t\t\t\t\t\t\t<img fetchpriority=\"high\" decoding=\"async\" width=\"800\" height=\"534\" src=\"https:\/\/atelierprostho.com\/wp-content\/uploads\/2024\/08\/T7_Prothese_complete_muco-portee_dentier_C-1024x683.jpg\" class=\"attachment-large size-large wp-image-4616\" alt=\"Proth\u00e8ses compl\u00e8tes muco-port\u00e9es pour les arcades sup\u00e9rieure et inf\u00e9rieure\" srcset=\"https:\/\/atelierprostho.com\/wp-content\/uploads\/2024\/08\/T7_Prothese_complete_muco-portee_dentier_C-1024x683.jpg 1024w, https:\/\/atelierprostho.com\/wp-content\/uploads\/2024\/08\/T7_Prothese_complete_muco-portee_dentier_C-300x200.jpg 300w, https:\/\/atelierprostho.com\/wp-content\/uploads\/2024\/08\/T7_Prothese_complete_muco-portee_dentier_C-768x512.jpg 768w, https:\/\/atelierprostho.com\/wp-content\/uploads\/2024\/08\/T7_Prothese_complete_muco-portee_dentier_C-1536x1024.jpg 1536w, https:\/\/atelierprostho.com\/wp-content\/uploads\/2024\/08\/T7_Prothese_complete_muco-portee_dentier_C-2048x1366.jpg 2048w\" sizes=\"(max-width: 800px) 100vw, 800px\" \/>\t\t\t\t\t\t\t\t\t\t\t\t\t\t\t<\/div>\n\t\t\t\t<\/div>\n\t\t\t\t<\/div>\n\t\t<div class=\"elementor-element elementor-element-2bd9646 e-con-full e-flex e-con e-child\" data-id=\"2bd9646\" data-element_type=\"container\" data-e-type=\"container\">\n\t\t\t\t<div class=\"elementor-element elementor-element-2be5075 elementor-widget elementor-widget-image\" data-id=\"2be5075\" data-element_type=\"widget\" data-e-type=\"widget\" data-widget_type=\"image.default\">\n\t\t\t\t<div class=\"elementor-widget-container\">\n\t\t\t\t\t\t\t\t\t\t\t\t\t\t\t<img decoding=\"async\" width=\"800\" height=\"534\" src=\"https:\/\/atelierprostho.com\/wp-content\/uploads\/2024\/07\/T7_Prothese_complete_muco-portee_dentier_B-1024x683.jpg\" class=\"attachment-large size-large wp-image-3896\" alt=\"Proth\u00e8ses compl\u00e8tes muco-port\u00e9es pour les arcades sup\u00e9rieure et inf\u00e9rieure\" srcset=\"https:\/\/atelierprostho.com\/wp-content\/uploads\/2024\/07\/T7_Prothese_complete_muco-portee_dentier_B-1024x683.jpg 1024w, https:\/\/atelierprostho.com\/wp-content\/uploads\/2024\/07\/T7_Prothese_complete_muco-portee_dentier_B-300x200.jpg 300w, https:\/\/atelierprostho.com\/wp-content\/uploads\/2024\/07\/T7_Prothese_complete_muco-portee_dentier_B-768x512.jpg 768w, https:\/\/atelierprostho.com\/wp-content\/uploads\/2024\/07\/T7_Prothese_complete_muco-portee_dentier_B-1536x1024.jpg 1536w, https:\/\/atelierprostho.com\/wp-content\/uploads\/2024\/07\/T7_Prothese_complete_muco-portee_dentier_B-2048x1366.jpg 2048w\" sizes=\"(max-width: 800px) 100vw, 800px\" \/>\t\t\t\t\t\t\t\t\t\t\t\t\t\t\t<\/div>\n\t\t\t\t<\/div>\n\t\t\t\t<\/div>\n\t\t\t\t<\/div>\n\t\t\t\t<\/div>\n\t\t\t\t<\/div>\n\t\t<div class=\"elementor-element elementor-element-02aba8c e-con-full e-flex e-con e-parent\" data-id=\"02aba8c\" data-element_type=\"container\" data-e-type=\"container\" id=\"results\" data-settings=\"{&quot;background_background&quot;:&quot;classic&quot;}\">\n\t\t\t\t<div class=\"elementor-element elementor-element-ec08f7b animated-slow elementor-invisible elementor-widget elementor-widget-heading\" data-id=\"ec08f7b\" data-element_type=\"widget\" data-e-type=\"widget\" data-settings=\"{&quot;_animation&quot;:&quot;fadeInDown&quot;}\" data-widget_type=\"heading.default\">\n\t\t\t\t<div class=\"elementor-widget-container\">\n\t\t\t\t\t<h2 class=\"elementor-heading-title elementor-size-default\">Witness the transformation<\/h2>\t\t\t\t<\/div>\n\t\t\t\t<\/div>\n\t\t\t\t<\/div>\n\t\t<div class=\"elementor-element elementor-element-682dbe78 e-con-full e-flex e-con e-parent\" data-id=\"682dbe78\" data-element_type=\"container\" data-e-type=\"container\" data-settings=\"{&quot;background_background&quot;:&quot;classic&quot;}\">\n\t\t<div class=\"elementor-element elementor-element-7418faed e-con-full animated-slow elementor-hidden-mobile e-flex elementor-invisible e-con e-child\" data-id=\"7418faed\" data-element_type=\"container\" data-e-type=\"container\" data-settings=\"{&quot;animation&quot;:&quot;fadeIn&quot;,&quot;animation_mobile&quot;:&quot;none&quot;,&quot;background_background&quot;:&quot;classic&quot;,&quot;animation_delay&quot;:1500}\">\n\t\t\t\t<\/div>\n\t\t<div class=\"elementor-element elementor-element-1dd3dc45 e-con-full animated-slow elementor-hidden-mobile e-flex elementor-invisible e-con e-child\" data-id=\"1dd3dc45\" data-element_type=\"container\" data-e-type=\"container\" data-settings=\"{&quot;animation&quot;:&quot;fadeIn&quot;,&quot;animation_mobile&quot;:&quot;none&quot;,&quot;background_background&quot;:&quot;classic&quot;,&quot;animation_delay&quot;:500}\">\n\t\t\t\t<\/div>\n\t\t<div class=\"elementor-element elementor-element-236e3864 e-con-full e-flex elementor-invisible e-con e-child\" data-id=\"236e3864\" data-element_type=\"container\" data-e-type=\"container\" data-settings=\"{&quot;animation&quot;:&quot;fadeIn&quot;,&quot;animation_mobile&quot;:&quot;none&quot;,&quot;background_background&quot;:&quot;classic&quot;}\">\n\t\t<div class=\"elementor-element elementor-element-5d37bee9 e-con-full e-flex e-con e-child\" data-id=\"5d37bee9\" data-element_type=\"container\" data-e-type=\"container\">\n\t\t\t\t<div class=\"elementor-element elementor-element-39375a18 elementor-widget elementor-widget-heading\" data-id=\"39375a18\" data-element_type=\"widget\" data-e-type=\"widget\" data-settings=\"{&quot;_animation_mobile&quot;:&quot;fadeInDown&quot;}\" data-widget_type=\"heading.default\">\n\t\t\t\t<div class=\"elementor-widget-container\">\n\t\t\t\t\t<h2 class=\"elementor-heading-title elementor-size-default\">Case No. 1<\/h2>\t\t\t\t<\/div>\n\t\t\t\t<\/div>\n\t\t\t\t<div class=\"elementor-element elementor-element-15e4f388 elementor-hidden-widescreen elementor-hidden-desktop elementor-hidden-laptop elementor-hidden-tablet_extra elementor-hidden-tablet elementor-hidden-mobile_extra elementor-widget-divider--view-line elementor-widget elementor-widget-divider\" data-id=\"15e4f388\" data-element_type=\"widget\" data-e-type=\"widget\" data-widget_type=\"divider.default\">\n\t\t\t\t<div class=\"elementor-widget-container\">\n\t\t\t\t\t\t\t<div class=\"elementor-divider\">\n\t\t\t<span class=\"elementor-divider-separator\">\n\t\t\t\t\t\t<\/span>\n\t\t<\/div>\n\t\t\t\t\t\t<\/div>\n\t\t\t\t<\/div>\n\t\t\t\t<\/div>\n\t\t<div class=\"elementor-element elementor-element-636ce669 e-con-full e-flex e-con e-child\" data-id=\"636ce669\" data-element_type=\"container\" data-e-type=\"container\">\n\t\t\t\t<div class=\"elementor-element elementor-element-3e1bec77 elementor-widget__width-initial elementor-widget elementor-widget-heading\" data-id=\"3e1bec77\" data-element_type=\"widget\" data-e-type=\"widget\" data-settings=\"{&quot;_animation_mobile&quot;:&quot;fadeInUp&quot;}\" data-widget_type=\"heading.default\">\n\t\t\t\t<div class=\"elementor-widget-container\">\n\t\t\t\t\t<h2 class=\"elementor-heading-title elementor-size-default\">Complete prosthesis<\/h2>\t\t\t\t<\/div>\n\t\t\t\t<\/div>\n\t\t\t\t<\/div>\n\t\t\t\t<\/div>\n\t\t\t\t<\/div>\n\t\t<div class=\"elementor-element elementor-element-aed62d6 e-con-full e-flex e-con e-parent\" data-id=\"aed62d6\" data-element_type=\"container\" data-e-type=\"container\">\n\t\t<div class=\"elementor-element elementor-element-98ed18b e-con-full e-flex e-con e-child\" data-id=\"98ed18b\" data-element_type=\"container\" data-e-type=\"container\" data-settings=\"{&quot;background_background&quot;:&quot;classic&quot;}\">\n\t\t<div class=\"elementor-element elementor-element-80de9f6 e-con-full e-flex e-con e-child\" data-id=\"80de9f6\" data-element_type=\"container\" data-e-type=\"container\">\n\t\t\t\t<div class=\"elementor-element elementor-element-bf76634 elementor-widget elementor-widget-image\" data-id=\"bf76634\" data-element_type=\"widget\" data-e-type=\"widget\" data-widget_type=\"image.default\">\n\t\t\t\t<div class=\"elementor-widget-container\">\n\t\t\t\t\t\t\t\t\t\t\t\t\t\t\t<img decoding=\"async\" width=\"2000\" height=\"1333\" src=\"https:\/\/atelierprostho.com\/wp-content\/uploads\/2024\/07\/T7_Protheses_completes_smile_A-1.jpg\" class=\"attachment-full size-full wp-image-4272\" alt=\"Sourire d\u2019une patiente avec une ancienne proth\u00e8se compl\u00e8te\" srcset=\"https:\/\/atelierprostho.com\/wp-content\/uploads\/2024\/07\/T7_Protheses_completes_smile_A-1.jpg 2000w, https:\/\/atelierprostho.com\/wp-content\/uploads\/2024\/07\/T7_Protheses_completes_smile_A-1-300x200.jpg 300w, https:\/\/atelierprostho.com\/wp-content\/uploads\/2024\/07\/T7_Protheses_completes_smile_A-1-1024x682.jpg 1024w, https:\/\/atelierprostho.com\/wp-content\/uploads\/2024\/07\/T7_Protheses_completes_smile_A-1-768x512.jpg 768w, https:\/\/atelierprostho.com\/wp-content\/uploads\/2024\/07\/T7_Protheses_completes_smile_A-1-1536x1024.jpg 1536w\" sizes=\"(max-width: 2000px) 100vw, 2000px\" \/>\t\t\t\t\t\t\t\t\t\t\t\t\t\t\t<\/div>\n\t\t\t\t<\/div>\n\t\t\t\t<div class=\"elementor-element elementor-element-6a8640a elementor-widget elementor-widget-heading\" data-id=\"6a8640a\" data-element_type=\"widget\" data-e-type=\"widget\" data-widget_type=\"heading.default\">\n\t\t\t\t<div class=\"elementor-widget-container\">\n\t\t\t\t\t<h2 class=\"elementor-heading-title elementor-size-default\">Before<\/h2>\t\t\t\t<\/div>\n\t\t\t\t<\/div>\n\t\t\t\t<\/div>\n\t\t<div class=\"elementor-element elementor-element-7fdd4b5 e-con-full e-flex e-con e-child\" data-id=\"7fdd4b5\" data-element_type=\"container\" data-e-type=\"container\">\n\t\t\t\t<div class=\"elementor-element elementor-element-186c1a1 elementor-widget elementor-widget-image\" data-id=\"186c1a1\" data-element_type=\"widget\" data-e-type=\"widget\" data-widget_type=\"image.default\">\n\t\t\t\t<div class=\"elementor-widget-container\">\n\t\t\t\t\t\t\t\t\t\t\t\t\t\t\t<img loading=\"lazy\" decoding=\"async\" width=\"2000\" height=\"1333\" src=\"https:\/\/atelierprostho.com\/wp-content\/uploads\/2024\/07\/T7_Protheses_completes_smile_B-1.jpg\" class=\"attachment-full size-full wp-image-4274\" alt=\"R\u00e9sultat esth\u00e9tique d\u2019une proth\u00e8se compl\u00e8te chez une patiente souriante\" srcset=\"https:\/\/atelierprostho.com\/wp-content\/uploads\/2024\/07\/T7_Protheses_completes_smile_B-1.jpg 2000w, https:\/\/atelierprostho.com\/wp-content\/uploads\/2024\/07\/T7_Protheses_completes_smile_B-1-300x200.jpg 300w, https:\/\/atelierprostho.com\/wp-content\/uploads\/2024\/07\/T7_Protheses_completes_smile_B-1-1024x682.jpg 1024w, https:\/\/atelierprostho.com\/wp-content\/uploads\/2024\/07\/T7_Protheses_completes_smile_B-1-768x512.jpg 768w, https:\/\/atelierprostho.com\/wp-content\/uploads\/2024\/07\/T7_Protheses_completes_smile_B-1-1536x1024.jpg 1536w\" sizes=\"(max-width: 2000px) 100vw, 2000px\" \/>\t\t\t\t\t\t\t\t\t\t\t\t\t\t\t<\/div>\n\t\t\t\t<\/div>\n\t\t\t\t<div class=\"elementor-element elementor-element-1f9c9cf elementor-widget elementor-widget-heading\" data-id=\"1f9c9cf\" data-element_type=\"widget\" data-e-type=\"widget\" data-widget_type=\"heading.default\">\n\t\t\t\t<div class=\"elementor-widget-container\">\n\t\t\t\t\t<h2 class=\"elementor-heading-title elementor-size-default\">After<\/h2>\t\t\t\t<\/div>\n\t\t\t\t<\/div>\n\t\t\t\t<\/div>\n\t\t\t\t<\/div>\n\t\t\t\t<\/div>\n\t\t<div class=\"elementor-element elementor-element-72e9aa5 e-con-full e-flex e-con e-parent\" data-id=\"72e9aa5\" data-element_type=\"container\" data-e-type=\"container\">\n\t\t\t\t<div class=\"elementor-element elementor-element-2a8818e elementor-button-info elementor-align-right elementor-fixed elementor-widget elementor-widget-global elementor-global-3705 elementor-widget-button\" data-id=\"2a8818e\" data-element_type=\"widget\" data-e-type=\"widget\" data-settings=\"{&quot;_position&quot;:&quot;fixed&quot;,&quot;motion_fx_motion_fx_scrolling&quot;:&quot;yes&quot;,&quot;motion_fx_opacity_effect&quot;:&quot;yes&quot;,&quot;motion_fx_opacity_direction&quot;:&quot;out-in&quot;,&quot;motion_fx_opacity_level&quot;:{&quot;unit&quot;:&quot;px&quot;,&quot;size&quot;:10,&quot;sizes&quot;:[]},&quot;motion_fx_opacity_range&quot;:{&quot;unit&quot;:&quot;%&quot;,&quot;size&quot;:&quot;&quot;,&quot;sizes&quot;:{&quot;start&quot;:20,&quot;end&quot;:80}},&quot;motion_fx_devices&quot;:[&quot;widescreen&quot;,&quot;desktop&quot;,&quot;laptop&quot;,&quot;tablet_extra&quot;,&quot;tablet&quot;,&quot;mobile_extra&quot;,&quot;mobile&quot;]}\" data-widget_type=\"button.default\">\n\t\t\t\t<div class=\"elementor-widget-container\">\n\t\t\t\t\t\t\t\t\t<div class=\"elementor-button-wrapper\">\n\t\t\t\t\t<a class=\"elementor-button elementor-button-link elementor-size-sm elementor-animation-bob\" href=\"#top\">\n\t\t\t\t\t\t<span class=\"elementor-button-content-wrapper\">\n\t\t\t\t\t\t<span class=\"elementor-button-icon\">\n\t\t\t\t<svg aria-hidden=\"true\" class=\"e-font-icon-svg e-fas-arrow-up\" viewBox=\"0 0 448 512\" xmlns=\"http:\/\/www.w3.org\/2000\/svg\"><path d=\"M34.9 289.5l-22.2-22.2c-9.4-9.4-9.4-24.6 0-33.9L207 39c9.4-9.4 24.6-9.4 33.9 0l194.3 194.3c9.4 9.4 9.4 24.6 0 33.9L413 289.4c-9.5 9.5-25 9.3-34.3-.4L264 168.6V456c0 13.3-10.7 24-24 24h-32c-13.3 0-24-10.7-24-24V168.6L69.2 289.1c-9.3 9.8-24.8 10-34.3.4z\"><\/path><\/svg>\t\t\t<\/span>\n\t\t\t\t\t\t\t\t<\/span>\n\t\t\t\t\t<\/a>\n\t\t\t\t<\/div>\n\t\t\t\t\t\t\t\t<\/div>\n\t\t\t\t<\/div>\n\t\t\t\t<\/div>\n\t\t\t\t<\/div>\n\t\t","protected":false},"excerpt":{"rendered":"<p>A complete denture is used to replace all the missing teeth in a dental arch. It covers and rests on the gums, ensuring stability and retention during the chewing action. <\/p>\n","protected":false},"author":1,"featured_media":3873,"parent":0,"menu_order":0,"comment_status":"closed","ping_status":"closed","template":"","meta":{"footnotes":""},"class_list":["post-5912","page","type-page","status-publish","has-post-thumbnail","hentry"],"_links":{"self":[{"href":"https:\/\/atelierprostho.com\/en\/wp-json\/wp\/v2\/pages\/5912","targetHints":{"allow":["GET"]}}],"collection":[{"href":"https:\/\/atelierprostho.com\/en\/wp-json\/wp\/v2\/pages"}],"about":[{"href":"https:\/\/atelierprostho.com\/en\/wp-json\/wp\/v2\/types\/page"}],"author":[{"embeddable":true,"href":"https:\/\/atelierprostho.com\/en\/wp-json\/wp\/v2\/users\/1"}],"replies":[{"embeddable":true,"href":"https:\/\/atelierprostho.com\/en\/wp-json\/wp\/v2\/comments?post=5912"}],"version-history":[{"count":6,"href":"https:\/\/atelierprostho.com\/en\/wp-json\/wp\/v2\/pages\/5912\/revisions"}],"predecessor-version":[{"id":7324,"href":"https:\/\/atelierprostho.com\/en\/wp-json\/wp\/v2\/pages\/5912\/revisions\/7324"}],"wp:featuredmedia":[{"embeddable":true,"href":"https:\/\/atelierprostho.com\/en\/wp-json\/wp\/v2\/media\/3873"}],"wp:attachment":[{"href":"https:\/\/atelierprostho.com\/en\/wp-json\/wp\/v2\/media?parent=5912"}],"curies":[{"name":"wp","href":"https:\/\/api.w.org\/{rel}","templated":true}]}}