{"id":5622,"date":"2025-04-02T16:00:12","date_gmt":"2025-04-02T20:00:12","guid":{"rendered":"https:\/\/atelierprostho.com\/clinic\/"},"modified":"2025-09-30T15:28:38","modified_gmt":"2025-09-30T19:28:38","slug":"clinic","status":"publish","type":"page","link":"https:\/\/atelierprostho.com\/en\/clinic\/","title":{"rendered":"Clinic"},"content":{"rendered":"\t\t<div data-elementor-type=\"wp-page\" data-elementor-id=\"5622\" class=\"elementor elementor-5622 elementor-192\" data-elementor-post-type=\"page\">\n\t\t\t\t<div class=\"elementor-element elementor-element-15806a35 e-con-full e-flex e-con e-parent\" data-id=\"15806a35\" data-element_type=\"container\" data-e-type=\"container\" id=\"top\" data-settings=\"{&quot;background_background&quot;:&quot;classic&quot;}\">\n\t\t<div class=\"elementor-element elementor-element-e8d91c4 e-con-full e-flex e-con e-child\" data-id=\"e8d91c4\" data-element_type=\"container\" data-e-type=\"container\">\n\t\t<div class=\"elementor-element elementor-element-770a86f8 e-con-full e-flex e-con e-child\" data-id=\"770a86f8\" data-element_type=\"container\" data-e-type=\"container\">\n\t\t\t\t<div class=\"elementor-element elementor-element-559c8b98 animated-slow elementor-invisible elementor-widget elementor-widget-heading\" data-id=\"559c8b98\" data-element_type=\"widget\" data-e-type=\"widget\" data-settings=\"{&quot;_animation&quot;:&quot;fadeInUp&quot;,&quot;_animation_mobile&quot;:&quot;fadeInDown&quot;,&quot;_animation_mobile_extra&quot;:&quot;fadeInDown&quot;}\" data-widget_type=\"heading.default\">\n\t\t\t\t<div class=\"elementor-widget-container\">\n\t\t\t\t\t<h1 class=\"elementor-heading-title elementor-size-default\">The clinic<\/h1>\t\t\t\t<\/div>\n\t\t\t\t<\/div>\n\t\t\t\t<\/div>\n\t\t<div class=\"elementor-element elementor-element-12e7882d e-con-full e-flex e-con e-child\" data-id=\"12e7882d\" data-element_type=\"container\" data-e-type=\"container\">\n\t\t\t\t<div class=\"elementor-element elementor-element-35236dfa animated-slow elementor-widget-laptop__width-initial elementor-widget__width-initial elementor-invisible elementor-widget elementor-widget-text-editor\" data-id=\"35236dfa\" data-element_type=\"widget\" data-e-type=\"widget\" data-settings=\"{&quot;_animation&quot;:&quot;fadeInDown&quot;,&quot;_animation_mobile&quot;:&quot;fadeInUp&quot;,&quot;_animation_mobile_extra&quot;:&quot;fadeInUp&quot;}\" data-widget_type=\"text-editor.default\">\n\t\t\t\t<div class=\"elementor-widget-container\">\n\t\t\t\t\t\t\t\t\tStep into our clinic and discover a soothing environment designed to ease your mind and promote a sense of well-being. From the serene decor to the soft lighting, every detail of our space is designed to create a peaceful and welcoming atmosphere. \t\t\t\t\t\t\t\t<\/div>\n\t\t\t\t<\/div>\n\t\t\t\t<\/div>\n\t\t\t\t<\/div>\n\t\t\t\t<\/div>\n\t\t<div class=\"elementor-element elementor-element-5438246 e-con-full e-flex e-con e-parent\" data-id=\"5438246\" data-element_type=\"container\" data-e-type=\"container\">\n\t\t<div class=\"elementor-element elementor-element-24615ef e-con-full e-flex e-con e-child\" data-id=\"24615ef\" data-element_type=\"container\" data-e-type=\"container\">\n\t\t<div class=\"elementor-element elementor-element-ea48713 e-con-full e-flex e-con e-child\" data-id=\"ea48713\" data-element_type=\"container\" data-e-type=\"container\">\n\t\t\t\t<div class=\"elementor-element elementor-element-c3b5240 animated-slow elementor-invisible elementor-widget elementor-widget-heading\" data-id=\"c3b5240\" data-element_type=\"widget\" data-e-type=\"widget\" data-settings=\"{&quot;_animation&quot;:&quot;fadeInDown&quot;}\" data-widget_type=\"heading.default\">\n\t\t\t\t<div class=\"elementor-widget-container\">\n\t\t\t\t\t<h5 class=\"elementor-heading-title elementor-size-default\">ABOUT OUR CLINIC<\/h5>\t\t\t\t<\/div>\n\t\t\t\t<\/div>\n\t\t\t\t<div class=\"elementor-element elementor-element-4f6c067 elementor-widget__width-initial elementor-invisible elementor-widget elementor-widget-heading\" data-id=\"4f6c067\" data-element_type=\"widget\" data-e-type=\"widget\" data-settings=\"{&quot;_animation&quot;:&quot;fadeInUp&quot;}\" data-widget_type=\"heading.default\">\n\t\t\t\t<div class=\"elementor-widget-container\">\n\t\t\t\t\t<h2 class=\"elementor-heading-title elementor-size-default\">Welcome to Atelier Prostho<\/h2>\t\t\t\t<\/div>\n\t\t\t\t<\/div>\n\t\t\t\t<\/div>\n\t\t<div class=\"elementor-element elementor-element-f5a634b e-con-full e-flex e-con e-child\" data-id=\"f5a634b\" data-element_type=\"container\" data-e-type=\"container\">\n\t\t\t\t<div class=\"elementor-element elementor-element-174b3f5 elementor-widget elementor-widget-image\" data-id=\"174b3f5\" data-element_type=\"widget\" data-e-type=\"widget\" data-widget_type=\"image.default\">\n\t\t\t\t<div class=\"elementor-widget-container\">\n\t\t\t\t\t\t\t\t\t\t\t\t\t\t\t<img fetchpriority=\"high\" decoding=\"async\" width=\"800\" height=\"466\" src=\"https:\/\/atelierprostho.com\/wp-content\/uploads\/2024\/07\/Atelier-Prostho_reception-1-1024x596.jpg\" class=\"attachment-large size-large wp-image-3837\" alt=\"R\u00e9ception moderne de la clinique Atelier Prostho \u00e0 Rosem\u00e8re\" srcset=\"https:\/\/atelierprostho.com\/wp-content\/uploads\/2024\/07\/Atelier-Prostho_reception-1-1024x596.jpg 1024w, https:\/\/atelierprostho.com\/wp-content\/uploads\/2024\/07\/Atelier-Prostho_reception-1-300x175.jpg 300w, https:\/\/atelierprostho.com\/wp-content\/uploads\/2024\/07\/Atelier-Prostho_reception-1-768x447.jpg 768w, https:\/\/atelierprostho.com\/wp-content\/uploads\/2024\/07\/Atelier-Prostho_reception-1-1536x895.jpg 1536w, https:\/\/atelierprostho.com\/wp-content\/uploads\/2024\/07\/Atelier-Prostho_reception-1-2048x1193.jpg 2048w\" sizes=\"(max-width: 800px) 100vw, 800px\" \/>\t\t\t\t\t\t\t\t\t\t\t\t\t\t\t<\/div>\n\t\t\t\t<\/div>\n\t\t\t\t<\/div>\n\t\t\t\t<\/div>\n\t\t\t\t<\/div>\n\t\t<div class=\"elementor-element elementor-element-c9424c9 e-con-full e-flex e-con e-parent\" data-id=\"c9424c9\" data-element_type=\"container\" data-e-type=\"container\">\n\t\t<div class=\"elementor-element elementor-element-95a9fc4 e-con-full e-flex e-con e-child\" data-id=\"95a9fc4\" data-element_type=\"container\" data-e-type=\"container\">\n\t\t<div class=\"elementor-element elementor-element-f8d7c74 e-con-full e-flex e-con e-child\" data-id=\"f8d7c74\" data-element_type=\"container\" data-e-type=\"container\">\n\t\t\t\t<div class=\"elementor-element elementor-element-7632b3c animated-slow elementor-invisible elementor-widget elementor-widget-text-editor\" data-id=\"7632b3c\" data-element_type=\"widget\" data-e-type=\"widget\" data-settings=\"{&quot;_animation&quot;:&quot;fadeInUp&quot;,&quot;_animation_laptop&quot;:&quot;fadeInRight&quot;,&quot;_animation_tablet_extra&quot;:&quot;fadeIn&quot;,&quot;_animation_mobile&quot;:&quot;fadeInLeft&quot;}\" data-widget_type=\"text-editor.default\">\n\t\t\t\t<div class=\"elementor-widget-container\">\n\t\t\t\t\t\t\t\t\tWe believe that a visit to the dentist should be as relaxing and pleasant as possible.\t\t\t\t\t\t\t\t<\/div>\n\t\t\t\t<\/div>\n\t\t\t\t<\/div>\n\t\t<div class=\"elementor-element elementor-element-78cd78d e-con-full e-flex e-con e-child\" data-id=\"78cd78d\" data-element_type=\"container\" data-e-type=\"container\">\n\t\t\t\t<div class=\"elementor-element elementor-element-b16e49c elementor-widget elementor-widget-image\" data-id=\"b16e49c\" data-element_type=\"widget\" data-e-type=\"widget\" data-widget_type=\"image.default\">\n\t\t\t\t<div class=\"elementor-widget-container\">\n\t\t\t\t\t\t\t\t\t\t\t\t\t\t\t<img decoding=\"async\" width=\"800\" height=\"466\" src=\"https:\/\/atelierprostho.com\/wp-content\/uploads\/2024\/07\/Atelier-Prostho_salle-attente-1-1024x596.jpg\" class=\"attachment-large size-large wp-image-3841\" alt=\"Salle d\u2019attente moderne et lumineuse de la clinique Atelier Prostho \u00e0 Rosem\u00e8re\" srcset=\"https:\/\/atelierprostho.com\/wp-content\/uploads\/2024\/07\/Atelier-Prostho_salle-attente-1-1024x596.jpg 1024w, https:\/\/atelierprostho.com\/wp-content\/uploads\/2024\/07\/Atelier-Prostho_salle-attente-1-300x175.jpg 300w, https:\/\/atelierprostho.com\/wp-content\/uploads\/2024\/07\/Atelier-Prostho_salle-attente-1-768x447.jpg 768w, https:\/\/atelierprostho.com\/wp-content\/uploads\/2024\/07\/Atelier-Prostho_salle-attente-1-1536x895.jpg 1536w, https:\/\/atelierprostho.com\/wp-content\/uploads\/2024\/07\/Atelier-Prostho_salle-attente-1-2048x1193.jpg 2048w\" sizes=\"(max-width: 800px) 100vw, 800px\" \/>\t\t\t\t\t\t\t\t\t\t\t\t\t\t\t<\/div>\n\t\t\t\t<\/div>\n\t\t\t\t<\/div>\n\t\t\t\t<\/div>\n\t\t\t\t<\/div>\n\t\t<div class=\"elementor-element elementor-element-c1ce30b e-con-full e-flex e-con e-parent\" data-id=\"c1ce30b\" data-element_type=\"container\" data-e-type=\"container\">\n\t\t<div class=\"elementor-element elementor-element-e5cf3fe e-con-full e-flex e-con e-child\" data-id=\"e5cf3fe\" data-element_type=\"container\" data-e-type=\"container\">\n\t\t<div class=\"elementor-element elementor-element-146fce6 e-con-full e-flex e-con e-child\" data-id=\"146fce6\" data-element_type=\"container\" data-e-type=\"container\">\n\t\t\t\t<div class=\"elementor-element elementor-element-7331fd3 animated-slow elementor-invisible elementor-widget elementor-widget-text-editor\" data-id=\"7331fd3\" data-element_type=\"widget\" data-e-type=\"widget\" data-settings=\"{&quot;_animation&quot;:&quot;fadeInUp&quot;,&quot;_animation_laptop&quot;:&quot;fadeInLeft&quot;,&quot;_animation_tablet_extra&quot;:&quot;fadeInLeft&quot;,&quot;_animation_mobile_extra&quot;:&quot;fadeInLeft&quot;,&quot;_animation_mobile&quot;:&quot;fadeIn&quot;}\" data-widget_type=\"text-editor.default\">\n\t\t\t\t<div class=\"elementor-widget-container\">\n\t\t\t\t\t\t\t\t\t<p>Our clinic brings together the expertise of four prosthodontists and one periodontist.<\/p>\t\t\t\t\t\t\t\t<\/div>\n\t\t\t\t<\/div>\n\t\t\t\t<\/div>\n\t\t<div class=\"elementor-element elementor-element-4bd272f e-con-full e-flex e-con e-child\" data-id=\"4bd272f\" data-element_type=\"container\" data-e-type=\"container\">\n\t\t\t\t<div class=\"elementor-element elementor-element-6558e03 elementor-widget elementor-widget-image\" data-id=\"6558e03\" data-element_type=\"widget\" data-e-type=\"widget\" data-widget_type=\"image.default\">\n\t\t\t\t<div class=\"elementor-widget-container\">\n\t\t\t\t\t\t\t\t\t\t\t\t\t\t\t<img decoding=\"async\" width=\"800\" height=\"466\" src=\"https:\/\/atelierprostho.com\/wp-content\/uploads\/2024\/07\/Atelier-Prostho_salle-traitement-1-1024x596.jpg\" class=\"attachment-large size-large wp-image-3843\" alt=\"Salle de traitement moderne et \u00e9quip\u00e9e chez Atelier Prostho \u00e0 Rosem\u00e8re\" srcset=\"https:\/\/atelierprostho.com\/wp-content\/uploads\/2024\/07\/Atelier-Prostho_salle-traitement-1-1024x596.jpg 1024w, https:\/\/atelierprostho.com\/wp-content\/uploads\/2024\/07\/Atelier-Prostho_salle-traitement-1-300x175.jpg 300w, https:\/\/atelierprostho.com\/wp-content\/uploads\/2024\/07\/Atelier-Prostho_salle-traitement-1-768x447.jpg 768w, https:\/\/atelierprostho.com\/wp-content\/uploads\/2024\/07\/Atelier-Prostho_salle-traitement-1-1536x895.jpg 1536w, https:\/\/atelierprostho.com\/wp-content\/uploads\/2024\/07\/Atelier-Prostho_salle-traitement-1-2048x1193.jpg 2048w\" sizes=\"(max-width: 800px) 100vw, 800px\" \/>\t\t\t\t\t\t\t\t\t\t\t\t\t\t\t<\/div>\n\t\t\t\t<\/div>\n\t\t\t\t<\/div>\n\t\t\t\t<\/div>\n\t\t\t\t<\/div>\n\t\t<div class=\"elementor-element elementor-element-ffd3962 e-con-full e-flex e-con e-parent\" data-id=\"ffd3962\" data-element_type=\"container\" data-e-type=\"container\">\n\t\t<div class=\"elementor-element elementor-element-e06a3c0 e-con-full e-flex e-con e-child\" data-id=\"e06a3c0\" data-element_type=\"container\" data-e-type=\"container\">\n\t\t<div class=\"elementor-element elementor-element-d0bd039 e-con-full e-flex e-con e-child\" data-id=\"d0bd039\" data-element_type=\"container\" data-e-type=\"container\">\n\t\t\t\t<div class=\"elementor-element elementor-element-13685d3 animated-slow elementor-invisible elementor-widget elementor-widget-text-editor\" data-id=\"13685d3\" data-element_type=\"widget\" data-e-type=\"widget\" data-settings=\"{&quot;_animation&quot;:&quot;fadeInUp&quot;,&quot;_animation_laptop&quot;:&quot;fadeIn&quot;,&quot;_animation_mobile&quot;:&quot;fadeInRight&quot;}\" data-widget_type=\"text-editor.default\">\n\t\t\t\t<div class=\"elementor-widget-container\">\n\t\t\t\t\t\t\t\t\t<p>As passionate and committed specialists, we offer our patients high-quality, personalized dental solutions.<\/p>\t\t\t\t\t\t\t\t<\/div>\n\t\t\t\t<\/div>\n\t\t\t\t<\/div>\n\t\t<div class=\"elementor-element elementor-element-d4d2a0b e-con-full e-flex e-con e-child\" data-id=\"d4d2a0b\" data-element_type=\"container\" data-e-type=\"container\">\n\t\t\t\t<div class=\"elementor-element elementor-element-43ba419 elementor-widget elementor-widget-image\" data-id=\"43ba419\" data-element_type=\"widget\" data-e-type=\"widget\" data-widget_type=\"image.default\">\n\t\t\t\t<div class=\"elementor-widget-container\">\n\t\t\t\t\t\t\t\t\t\t\t\t\t\t\t<img loading=\"lazy\" decoding=\"async\" width=\"800\" height=\"466\" src=\"https:\/\/atelierprostho.com\/wp-content\/uploads\/2024\/07\/Atelier-Prostho_stericentre-1-1024x596.jpg\" class=\"attachment-large size-large wp-image-3845\" alt=\"St\u00e9rilisation centralis\u00e9e (st\u00e9ricentre) moderne \u00e0 la clinique Atelier Prostho \u00e0 Rosem\u00e8re\" srcset=\"https:\/\/atelierprostho.com\/wp-content\/uploads\/2024\/07\/Atelier-Prostho_stericentre-1-1024x596.jpg 1024w, https:\/\/atelierprostho.com\/wp-content\/uploads\/2024\/07\/Atelier-Prostho_stericentre-1-300x175.jpg 300w, https:\/\/atelierprostho.com\/wp-content\/uploads\/2024\/07\/Atelier-Prostho_stericentre-1-768x447.jpg 768w, https:\/\/atelierprostho.com\/wp-content\/uploads\/2024\/07\/Atelier-Prostho_stericentre-1-1536x895.jpg 1536w, https:\/\/atelierprostho.com\/wp-content\/uploads\/2024\/07\/Atelier-Prostho_stericentre-1-2048x1193.jpg 2048w\" sizes=\"(max-width: 800px) 100vw, 800px\" \/>\t\t\t\t\t\t\t\t\t\t\t\t\t\t\t<\/div>\n\t\t\t\t<\/div>\n\t\t\t\t<\/div>\n\t\t\t\t<\/div>\n\t\t\t\t<\/div>\n\t\t<div class=\"elementor-element elementor-element-b6c2a96 e-con-full e-flex e-con e-parent\" data-id=\"b6c2a96\" data-element_type=\"container\" data-e-type=\"container\">\n\t\t<div class=\"elementor-element elementor-element-1f4f0d9 e-con-full e-flex e-con e-child\" data-id=\"1f4f0d9\" data-element_type=\"container\" data-e-type=\"container\">\n\t\t<div class=\"elementor-element elementor-element-296c3d0 e-con-full e-flex e-con e-child\" data-id=\"296c3d0\" data-element_type=\"container\" data-e-type=\"container\">\n\t\t\t\t<div class=\"elementor-element elementor-element-40ae3b0 animated-slow elementor-invisible elementor-widget elementor-widget-text-editor\" data-id=\"40ae3b0\" data-element_type=\"widget\" data-e-type=\"widget\" data-settings=\"{&quot;_animation&quot;:&quot;fadeInUp&quot;,&quot;_animation_laptop&quot;:&quot;fadeInLeft&quot;,&quot;_animation_tablet_extra&quot;:&quot;fadeInRight&quot;,&quot;_animation_mobile&quot;:&quot;fadeIn&quot;}\" data-widget_type=\"text-editor.default\">\n\t\t\t\t<div class=\"elementor-widget-container\">\n\t\t\t\t\t\t\t\t\t<p>In the field of dental health, each patient&#8217;s needs and goals are unique.<\/p>\t\t\t\t\t\t\t\t<\/div>\n\t\t\t\t<\/div>\n\t\t\t\t<\/div>\n\t\t<div class=\"elementor-element elementor-element-50e5633 e-con-full e-flex e-con e-child\" data-id=\"50e5633\" data-element_type=\"container\" data-e-type=\"container\">\n\t\t\t\t<div class=\"elementor-element elementor-element-ab92963 elementor-widget elementor-widget-image\" data-id=\"ab92963\" data-element_type=\"widget\" data-e-type=\"widget\" data-widget_type=\"image.default\">\n\t\t\t\t<div class=\"elementor-widget-container\">\n\t\t\t\t\t\t\t\t\t\t\t\t\t\t\t<img loading=\"lazy\" decoding=\"async\" width=\"800\" height=\"466\" src=\"https:\/\/atelierprostho.com\/wp-content\/uploads\/2024\/07\/Atelier-Prostho_laboratoire-1-1024x596.jpg\" class=\"attachment-large size-large wp-image-3835\" alt=\"Laboratoire dentaire interne chez Atelier Prostho \u00e0 Rosem\u00e8re\" srcset=\"https:\/\/atelierprostho.com\/wp-content\/uploads\/2024\/07\/Atelier-Prostho_laboratoire-1-1024x596.jpg 1024w, https:\/\/atelierprostho.com\/wp-content\/uploads\/2024\/07\/Atelier-Prostho_laboratoire-1-300x175.jpg 300w, https:\/\/atelierprostho.com\/wp-content\/uploads\/2024\/07\/Atelier-Prostho_laboratoire-1-768x447.jpg 768w, https:\/\/atelierprostho.com\/wp-content\/uploads\/2024\/07\/Atelier-Prostho_laboratoire-1-1536x895.jpg 1536w, https:\/\/atelierprostho.com\/wp-content\/uploads\/2024\/07\/Atelier-Prostho_laboratoire-1-2048x1193.jpg 2048w\" sizes=\"(max-width: 800px) 100vw, 800px\" \/>\t\t\t\t\t\t\t\t\t\t\t\t\t\t\t<\/div>\n\t\t\t\t<\/div>\n\t\t\t\t<\/div>\n\t\t\t\t<\/div>\n\t\t\t\t<\/div>\n\t\t<div class=\"elementor-element elementor-element-e9bc95a e-con-full e-flex e-con e-parent\" data-id=\"e9bc95a\" data-element_type=\"container\" data-e-type=\"container\">\n\t\t<div class=\"elementor-element elementor-element-8a52c74 e-con-full e-flex e-con e-child\" data-id=\"8a52c74\" data-element_type=\"container\" data-e-type=\"container\">\n\t\t<div class=\"elementor-element elementor-element-ceb2635 e-con-full e-flex e-con e-child\" data-id=\"ceb2635\" data-element_type=\"container\" data-e-type=\"container\">\n\t\t\t\t<div class=\"elementor-element elementor-element-bf10bfa animated-slow elementor-invisible elementor-widget elementor-widget-text-editor\" data-id=\"bf10bfa\" data-element_type=\"widget\" data-e-type=\"widget\" data-settings=\"{&quot;_animation&quot;:&quot;fadeInUp&quot;,&quot;_animation_laptop&quot;:&quot;fadeIn&quot;,&quot;_animation_mobile&quot;:&quot;fadeInLeft&quot;}\" data-widget_type=\"text-editor.default\">\n\t\t\t\t<div class=\"elementor-widget-container\">\n\t\t\t\t\t\t\t\t\t<p>Therefore, we place great importance on carefully listening to your concerns to provide you with the best advice and develop a personalized treatment plan.<\/p>\t\t\t\t\t\t\t\t<\/div>\n\t\t\t\t<\/div>\n\t\t\t\t<\/div>\n\t\t<div class=\"elementor-element elementor-element-c6c239b e-con-full e-flex e-con e-child\" data-id=\"c6c239b\" data-element_type=\"container\" data-e-type=\"container\">\n\t\t\t\t<div class=\"elementor-element elementor-element-08d3b83 elementor-widget elementor-widget-image\" data-id=\"08d3b83\" data-element_type=\"widget\" data-e-type=\"widget\" data-widget_type=\"image.default\">\n\t\t\t\t<div class=\"elementor-widget-container\">\n\t\t\t\t\t\t\t\t\t\t\t\t\t\t\t<img loading=\"lazy\" decoding=\"async\" width=\"800\" height=\"466\" src=\"https:\/\/atelierprostho.com\/wp-content\/uploads\/2024\/07\/Atelier-Prostho_reception_02-1-1024x596.jpg\" class=\"attachment-large size-large wp-image-3839\" alt=\"\u00c9quipe administrative \u00e0 l\u2019accueil d\u2019Atelier Prostho \u00e0 Rosem\u00e8re en interaction avec une coll\u00e8gue\" srcset=\"https:\/\/atelierprostho.com\/wp-content\/uploads\/2024\/07\/Atelier-Prostho_reception_02-1-1024x596.jpg 1024w, https:\/\/atelierprostho.com\/wp-content\/uploads\/2024\/07\/Atelier-Prostho_reception_02-1-300x175.jpg 300w, https:\/\/atelierprostho.com\/wp-content\/uploads\/2024\/07\/Atelier-Prostho_reception_02-1-768x447.jpg 768w, https:\/\/atelierprostho.com\/wp-content\/uploads\/2024\/07\/Atelier-Prostho_reception_02-1-1536x895.jpg 1536w, https:\/\/atelierprostho.com\/wp-content\/uploads\/2024\/07\/Atelier-Prostho_reception_02-1-2048x1193.jpg 2048w\" sizes=\"(max-width: 800px) 100vw, 800px\" \/>\t\t\t\t\t\t\t\t\t\t\t\t\t\t\t<\/div>\n\t\t\t\t<\/div>\n\t\t\t\t<\/div>\n\t\t\t\t<\/div>\n\t\t\t\t<\/div>\n\t\t<div class=\"elementor-element elementor-element-be01ad4 e-flex e-con-boxed e-con e-parent\" data-id=\"be01ad4\" data-element_type=\"container\" data-e-type=\"container\">\n\t\t\t\t\t<div class=\"e-con-inner\">\n\t\t\t\t<div class=\"elementor-element elementor-element-3705 elementor-button-info elementor-align-right elementor-fixed elementor-widget elementor-widget-global elementor-global-3705 elementor-widget-button\" data-id=\"3705\" data-element_type=\"widget\" data-e-type=\"widget\" data-settings=\"{&quot;_position&quot;:&quot;fixed&quot;,&quot;motion_fx_motion_fx_scrolling&quot;:&quot;yes&quot;,&quot;motion_fx_opacity_effect&quot;:&quot;yes&quot;,&quot;motion_fx_opacity_direction&quot;:&quot;out-in&quot;,&quot;motion_fx_opacity_level&quot;:{&quot;unit&quot;:&quot;px&quot;,&quot;size&quot;:10,&quot;sizes&quot;:[]},&quot;motion_fx_opacity_range&quot;:{&quot;unit&quot;:&quot;%&quot;,&quot;size&quot;:&quot;&quot;,&quot;sizes&quot;:{&quot;start&quot;:20,&quot;end&quot;:80}},&quot;motion_fx_devices&quot;:[&quot;widescreen&quot;,&quot;desktop&quot;,&quot;laptop&quot;,&quot;tablet_extra&quot;,&quot;tablet&quot;,&quot;mobile_extra&quot;,&quot;mobile&quot;]}\" data-widget_type=\"button.default\">\n\t\t\t\t<div class=\"elementor-widget-container\">\n\t\t\t\t\t\t\t\t\t<div class=\"elementor-button-wrapper\">\n\t\t\t\t\t<a class=\"elementor-button elementor-button-link elementor-size-sm elementor-animation-bob\" href=\"#top\">\n\t\t\t\t\t\t<span class=\"elementor-button-content-wrapper\">\n\t\t\t\t\t\t<span class=\"elementor-button-icon\">\n\t\t\t\t<svg aria-hidden=\"true\" class=\"e-font-icon-svg e-fas-arrow-up\" viewBox=\"0 0 448 512\" xmlns=\"http:\/\/www.w3.org\/2000\/svg\"><path d=\"M34.9 289.5l-22.2-22.2c-9.4-9.4-9.4-24.6 0-33.9L207 39c9.4-9.4 24.6-9.4 33.9 0l194.3 194.3c9.4 9.4 9.4 24.6 0 33.9L413 289.4c-9.5 9.5-25 9.3-34.3-.4L264 168.6V456c0 13.3-10.7 24-24 24h-32c-13.3 0-24-10.7-24-24V168.6L69.2 289.1c-9.3 9.8-24.8 10-34.3.4z\"><\/path><\/svg>\t\t\t<\/span>\n\t\t\t\t\t\t\t\t<\/span>\n\t\t\t\t\t<\/a>\n\t\t\t\t<\/div>\n\t\t\t\t\t\t\t\t<\/div>\n\t\t\t\t<\/div>\n\t\t\t\t\t<\/div>\n\t\t\t\t<\/div>\n\t\t\t\t<\/div>\n\t\t","protected":false},"excerpt":{"rendered":"<p>Step into our clinic and discover a soothing environment designed to ease your mind and promote a sense of well-being. From the serene decor to the soft lighting, every detail of our space is designed to create a peaceful and welcoming atmosphere. <\/p>\n","protected":false},"author":1,"featured_media":3845,"parent":0,"menu_order":0,"comment_status":"closed","ping_status":"closed","template":"elementor_header_footer","meta":{"footnotes":""},"class_list":["post-5622","page","type-page","status-publish","has-post-thumbnail","hentry"],"_links":{"self":[{"href":"https:\/\/atelierprostho.com\/en\/wp-json\/wp\/v2\/pages\/5622","targetHints":{"allow":["GET"]}}],"collection":[{"href":"https:\/\/atelierprostho.com\/en\/wp-json\/wp\/v2\/pages"}],"about":[{"href":"https:\/\/atelierprostho.com\/en\/wp-json\/wp\/v2\/types\/page"}],"author":[{"embeddable":true,"href":"https:\/\/atelierprostho.com\/en\/wp-json\/wp\/v2\/users\/1"}],"replies":[{"embeddable":true,"href":"https:\/\/atelierprostho.com\/en\/wp-json\/wp\/v2\/comments?post=5622"}],"version-history":[{"count":3,"href":"https:\/\/atelierprostho.com\/en\/wp-json\/wp\/v2\/pages\/5622\/revisions"}],"predecessor-version":[{"id":7066,"href":"https:\/\/atelierprostho.com\/en\/wp-json\/wp\/v2\/pages\/5622\/revisions\/7066"}],"wp:featuredmedia":[{"embeddable":true,"href":"https:\/\/atelierprostho.com\/en\/wp-json\/wp\/v2\/media\/3845"}],"wp:attachment":[{"href":"https:\/\/atelierprostho.com\/en\/wp-json\/wp\/v2\/media?parent=5622"}],"curies":[{"name":"wp","href":"https:\/\/api.w.org\/{rel}","templated":true}]}}